{"id":246,"date":"2019-03-18T17:01:09","date_gmt":"2019-03-18T17:01:09","guid":{"rendered":"http:\/\/hp-hasse.de\/?page_id=246"},"modified":"2023-02-05T20:39:03","modified_gmt":"2023-02-05T20:39:03","slug":"herzlich-willkommen","status":"publish","type":"page","link":"https:\/\/hp-hasse.de\/","title":{"rendered":"Herzlich Willkommen"},"content":{"rendered":"\n<h5>Liebe Patentin, lieber Patient,<\/h5>\n\n\n\n<p>ich freue mich, dass Sie Interesse an meiner Naturheilpraxis und meiner Arbeit als Heilpraktikerin haben. Nach jahrelanger T\u00e4tigkeit in meiner Physiotherapiepraxis habe ich 2005 die Pr\u00fcfung zur Heilpraktikerin abgelegt und 2006  meine Naturheilpraxis er\u00f6ffnet.<\/p>\n\n\n\n<p>Dadurch habe ich jetzt die M\u00f6glichkeit, meine Patienten ganzheitlich zu behandeln. Es ist f\u00fcr mich wichtig, die Ursache Ihrer Erkrankung herauszufinden und entsprechend zu therapieren.<\/p>\n\n\n\n<p>Seit vielen Jahren begeistert mich die Biochemie nach Dr. Sch\u00fc\u00dfler.  Daher habe ich 2017 den Biochemischen Gesundheitsverein Horn-Bad Meinberg mitbegr\u00fcndet und bin seitdem auch die 1. Vorsitzende.<\/p>\n\n\n\n<p>Ich freue mich auf Ihren Anruf in meiner Praxis.<\/p>\n\n\n\n<p>Bitte beachten Sie meine <a href=\"https:\/\/hp-hasse.de\/?page_id=274\">Datenschutzhinweise.<\/a><\/p>\n\n\n\n<p><strong>Die Seite befindet sich noch im Aufbau.<\/strong><\/p>\n\n\n\n<p>&nbsp;<\/p>\n\n\n\n<p>&nbsp;<\/p>\n","protected":false},"excerpt":{"rendered":"<p>Liebe Patentin, lieber Patient, ich freue mich, dass Sie Interesse an meiner Naturheilpraxis und meiner Arbeit als Heilpraktikerin haben. Nach jahrelanger T\u00e4tigkeit in meiner Physiotherapiepraxis habe ich 2005 die Pr\u00fcfung zur Heilpraktikerin abgelegt und 2006 meine Naturheilpraxis er\u00f6ffnet. Dadurch habe ich jetzt die M\u00f6glichkeit, meine Patienten ganzheitlich zu behandeln. Es ist f\u00fcr mich wichtig, die &hellip; <a href=\"https:\/\/hp-hasse.de\/\" class=\"more-link\"><span class=\"screen-reader-text\">\u201eHerzlich Willkommen\u201c <\/span>weiterlesen<\/a><\/p>\n","protected":false},"author":1,"featured_media":0,"parent":0,"menu_order":0,"comment_status":"closed","ping_status":"closed","template":"","meta":{"jetpack_post_was_ever_published":false},"yoast_head":"<!-- This site is optimized with the Yoast SEO plugin v20.2 - https:\/\/yoast.com\/wordpress\/plugins\/seo\/ -->\n<title>Herzlich Willkommen | Naturheilpraxis Monika Hasse<\/title>\n<meta name=\"robots\" content=\"index, follow, max-snippet:-1, max-image-preview:large, max-video-preview:-1\" \/>\n<link rel=\"canonical\" href=\"https:\/\/hp-hasse.de\/\" \/>\n<meta name=\"twitter:label1\" content=\"Gesch\u00e4tzte Lesezeit\" \/>\n\t<meta name=\"twitter:data1\" content=\"1\u00a0Minute\" \/>\n<script type=\"application\/ld+json\" class=\"yoast-schema-graph\">{\"@context\":\"https:\/\/schema.org\",\"@graph\":[{\"@type\":\"WebPage\",\"@id\":\"https:\/\/hp-hasse.de\/\",\"url\":\"https:\/\/hp-hasse.de\/\",\"name\":\"Herzlich Willkommen | Naturheilpraxis Monika Hasse\",\"isPartOf\":{\"@id\":\"https:\/\/hp-hasse.de\/#website\"},\"datePublished\":\"2019-03-18T17:01:09+00:00\",\"dateModified\":\"2023-02-05T20:39:03+00:00\",\"breadcrumb\":{\"@id\":\"https:\/\/hp-hasse.de\/#breadcrumb\"},\"inLanguage\":\"de\",\"potentialAction\":[{\"@type\":\"ReadAction\",\"target\":[\"https:\/\/hp-hasse.de\/\"]}]},{\"@type\":\"BreadcrumbList\",\"@id\":\"https:\/\/hp-hasse.de\/#breadcrumb\",\"itemListElement\":[{\"@type\":\"ListItem\",\"position\":1,\"name\":\"Startseite\",\"item\":\"https:\/\/hp-hasse.de\/\"},{\"@type\":\"ListItem\",\"position\":2,\"name\":\"Herzlich Willkommen\"}]},{\"@type\":\"WebSite\",\"@id\":\"https:\/\/hp-hasse.de\/#website\",\"url\":\"https:\/\/hp-hasse.de\/\",\"name\":\"Naturheilpraxis Monika Hasse\",\"description\":\"Heilpraktikerin und Physiotherapeutin\",\"potentialAction\":[{\"@type\":\"SearchAction\",\"target\":{\"@type\":\"EntryPoint\",\"urlTemplate\":\"https:\/\/hp-hasse.de\/?s={search_term_string}\"},\"query-input\":\"required name=search_term_string\"}],\"inLanguage\":\"de\"}]}<\/script>\n<!-- \/ Yoast SEO plugin. -->","yoast_head_json":{"title":"Herzlich Willkommen | Naturheilpraxis Monika Hasse","robots":{"index":"index","follow":"follow","max-snippet":"max-snippet:-1","max-image-preview":"max-image-preview:large","max-video-preview":"max-video-preview:-1"},"canonical":"https:\/\/hp-hasse.de\/","twitter_misc":{"Gesch\u00e4tzte Lesezeit":"1\u00a0Minute"},"schema":{"@context":"https:\/\/schema.org","@graph":[{"@type":"WebPage","@id":"https:\/\/hp-hasse.de\/","url":"https:\/\/hp-hasse.de\/","name":"Herzlich Willkommen | Naturheilpraxis Monika Hasse","isPartOf":{"@id":"https:\/\/hp-hasse.de\/#website"},"datePublished":"2019-03-18T17:01:09+00:00","dateModified":"2023-02-05T20:39:03+00:00","breadcrumb":{"@id":"https:\/\/hp-hasse.de\/#breadcrumb"},"inLanguage":"de","potentialAction":[{"@type":"ReadAction","target":["https:\/\/hp-hasse.de\/"]}]},{"@type":"BreadcrumbList","@id":"https:\/\/hp-hasse.de\/#breadcrumb","itemListElement":[{"@type":"ListItem","position":1,"name":"Startseite","item":"https:\/\/hp-hasse.de\/"},{"@type":"ListItem","position":2,"name":"Herzlich Willkommen"}]},{"@type":"WebSite","@id":"https:\/\/hp-hasse.de\/#website","url":"https:\/\/hp-hasse.de\/","name":"Naturheilpraxis Monika Hasse","description":"Heilpraktikerin und Physiotherapeutin","potentialAction":[{"@type":"SearchAction","target":{"@type":"EntryPoint","urlTemplate":"https:\/\/hp-hasse.de\/?s={search_term_string}"},"query-input":"required name=search_term_string"}],"inLanguage":"de"}]}},"jetpack_sharing_enabled":true,"jetpack_shortlink":"https:\/\/wp.me\/P9GX1P-3Y","_links":{"self":[{"href":"https:\/\/hp-hasse.de\/index.php?rest_route=\/wp\/v2\/pages\/246"}],"collection":[{"href":"https:\/\/hp-hasse.de\/index.php?rest_route=\/wp\/v2\/pages"}],"about":[{"href":"https:\/\/hp-hasse.de\/index.php?rest_route=\/wp\/v2\/types\/page"}],"author":[{"embeddable":true,"href":"https:\/\/hp-hasse.de\/index.php?rest_route=\/wp\/v2\/users\/1"}],"replies":[{"embeddable":true,"href":"https:\/\/hp-hasse.de\/index.php?rest_route=%2Fwp%2Fv2%2Fcomments&post=246"}],"version-history":[{"count":16,"href":"https:\/\/hp-hasse.de\/index.php?rest_route=\/wp\/v2\/pages\/246\/revisions"}],"predecessor-version":[{"id":421,"href":"https:\/\/hp-hasse.de\/index.php?rest_route=\/wp\/v2\/pages\/246\/revisions\/421"}],"wp:attachment":[{"href":"https:\/\/hp-hasse.de\/index.php?rest_route=%2Fwp%2Fv2%2Fmedia&parent=246"}],"curies":[{"name":"wp","href":"https:\/\/api.w.org\/{rel}","templated":true}]}}