{"id":368,"date":"2023-02-02T19:05:59","date_gmt":"2023-02-02T19:05:59","guid":{"rendered":"https:\/\/hp-hasse.de\/?page_id=368"},"modified":"2025-12-30T17:24:26","modified_gmt":"2025-12-30T17:24:26","slug":"ernaehrung-vitalstoffreiche-vollwerternaehrung-vitalstoffe","status":"publish","type":"page","link":"https:\/\/hp-hasse.de\/?page_id=368","title":{"rendered":"Stammtisch Ern\u00e4hrung"},"content":{"rendered":"\n<p><\/p>\n\n\n\n<p>Die Basis der Gesundheit ist die vitalstoffreiche Vollwertern\u00e4hrung. Der gr\u00f6\u00dfte Teil der Krankheiten entsteht durch falsche Ern\u00e4hrung. Hierzu geh\u00f6ren zum Beispiel Arthrose, Allergien, Arteriosklerose, mangelnde Infektabwehr, Gicht und Verdauungsst\u00f6rungen. <br>Da ich aus eigener Erfahrung wei\u00df, dass die Umsetzung  nicht immer einfach ist, biete ich diesen Stammtisch an, um sie hierbei zu unterst\u00fctzen. <\/p>\n\n\n\n<p>Termine f\u00fcr den Stammtisch:<\/p>\n\n\n\n<p><br><br>Beginn: <br>Kosten f\u00fcr den Stammtisch: 10,00 \u20ac pro Termin<\/p>\n\n\n\n<p>Anmeldungen telefonisch unter 05234\/205 303, bis jeweils 5 Tage vor dem Termin<\/p>\n\n\n\n<p><\/p>\n","protected":false},"excerpt":{"rendered":"<p>Die Basis der Gesundheit ist die vitalstoffreiche Vollwertern\u00e4hrung. Der gr\u00f6\u00dfte Teil der Krankheiten entsteht durch falsche Ern\u00e4hrung. Hierzu geh\u00f6ren zum Beispiel Arthrose, Allergien, Arteriosklerose, mangelnde Infektabwehr, Gicht und Verdauungsst\u00f6rungen. Da ich aus eigener Erfahrung wei\u00df, dass die Umsetzung nicht immer einfach ist, biete ich diesen Stammtisch an, um sie hierbei zu unterst\u00fctzen. Termine f\u00fcr den &hellip; <a href=\"https:\/\/hp-hasse.de\/?page_id=368\" class=\"more-link\"><span class=\"screen-reader-text\">\u201eStammtisch Ern\u00e4hrung\u201c <\/span>weiterlesen<\/a><\/p>\n","protected":false},"author":1,"featured_media":0,"parent":0,"menu_order":0,"comment_status":"closed","ping_status":"closed","template":"","meta":{"jetpack_post_was_ever_published":false},"yoast_head":"<!-- This site is optimized with the Yoast SEO plugin v20.2 - https:\/\/yoast.com\/wordpress\/plugins\/seo\/ -->\n<title>Stammtisch Ern\u00e4hrung | Naturheilpraxis Monika Hasse<\/title>\n<meta name=\"description\" content=\"Naturheilpraxis Monika Hasse vitalstoffreiche Vollwertern\u00e4hrung, falsche Ern\u00e4hrung Arthrose, Allergien, Arteriosklerose, mangelnde Infektabwehr, Gicht und Verdauungsst\u00f6rungen\" \/>\n<meta name=\"robots\" content=\"index, follow, max-snippet:-1, max-image-preview:large, max-video-preview:-1\" \/>\n<link rel=\"canonical\" href=\"https:\/\/hp-hasse.de\/?page_id=368\" \/>\n<meta name=\"twitter:label1\" content=\"Gesch\u00e4tzte Lesezeit\" \/>\n\t<meta name=\"twitter:data1\" content=\"1\u00a0Minute\" \/>\n<script type=\"application\/ld+json\" class=\"yoast-schema-graph\">{\"@context\":\"https:\/\/schema.org\",\"@graph\":[{\"@type\":\"WebPage\",\"@id\":\"https:\/\/hp-hasse.de\/?page_id=368\",\"url\":\"https:\/\/hp-hasse.de\/?page_id=368\",\"name\":\"Stammtisch Ern\u00e4hrung | Naturheilpraxis Monika Hasse\",\"isPartOf\":{\"@id\":\"https:\/\/hp-hasse.de\/#website\"},\"datePublished\":\"2023-02-02T19:05:59+00:00\",\"dateModified\":\"2025-12-30T17:24:26+00:00\",\"description\":\"Naturheilpraxis Monika Hasse vitalstoffreiche Vollwertern\u00e4hrung, falsche Ern\u00e4hrung Arthrose, Allergien, Arteriosklerose, mangelnde Infektabwehr, Gicht und Verdauungsst\u00f6rungen\",\"breadcrumb\":{\"@id\":\"https:\/\/hp-hasse.de\/?page_id=368#breadcrumb\"},\"inLanguage\":\"de\",\"potentialAction\":[{\"@type\":\"ReadAction\",\"target\":[\"https:\/\/hp-hasse.de\/?page_id=368\"]}]},{\"@type\":\"BreadcrumbList\",\"@id\":\"https:\/\/hp-hasse.de\/?page_id=368#breadcrumb\",\"itemListElement\":[{\"@type\":\"ListItem\",\"position\":1,\"name\":\"Startseite\",\"item\":\"https:\/\/hp-hasse.de\/\"},{\"@type\":\"ListItem\",\"position\":2,\"name\":\"Stammtisch Ern\u00e4hrung\"}]},{\"@type\":\"WebSite\",\"@id\":\"https:\/\/hp-hasse.de\/#website\",\"url\":\"https:\/\/hp-hasse.de\/\",\"name\":\"Naturheilpraxis Monika Hasse\",\"description\":\"Heilpraktikerin und Physiotherapeutin\",\"potentialAction\":[{\"@type\":\"SearchAction\",\"target\":{\"@type\":\"EntryPoint\",\"urlTemplate\":\"https:\/\/hp-hasse.de\/?s={search_term_string}\"},\"query-input\":\"required name=search_term_string\"}],\"inLanguage\":\"de\"}]}<\/script>\n<!-- \/ Yoast SEO plugin. -->","yoast_head_json":{"title":"Stammtisch Ern\u00e4hrung | Naturheilpraxis Monika Hasse","description":"Naturheilpraxis Monika Hasse vitalstoffreiche Vollwertern\u00e4hrung, falsche Ern\u00e4hrung Arthrose, Allergien, Arteriosklerose, mangelnde Infektabwehr, Gicht und Verdauungsst\u00f6rungen","robots":{"index":"index","follow":"follow","max-snippet":"max-snippet:-1","max-image-preview":"max-image-preview:large","max-video-preview":"max-video-preview:-1"},"canonical":"https:\/\/hp-hasse.de\/?page_id=368","twitter_misc":{"Gesch\u00e4tzte Lesezeit":"1\u00a0Minute"},"schema":{"@context":"https:\/\/schema.org","@graph":[{"@type":"WebPage","@id":"https:\/\/hp-hasse.de\/?page_id=368","url":"https:\/\/hp-hasse.de\/?page_id=368","name":"Stammtisch Ern\u00e4hrung | Naturheilpraxis Monika Hasse","isPartOf":{"@id":"https:\/\/hp-hasse.de\/#website"},"datePublished":"2023-02-02T19:05:59+00:00","dateModified":"2025-12-30T17:24:26+00:00","description":"Naturheilpraxis Monika Hasse vitalstoffreiche Vollwertern\u00e4hrung, falsche Ern\u00e4hrung Arthrose, Allergien, Arteriosklerose, mangelnde Infektabwehr, Gicht und Verdauungsst\u00f6rungen","breadcrumb":{"@id":"https:\/\/hp-hasse.de\/?page_id=368#breadcrumb"},"inLanguage":"de","potentialAction":[{"@type":"ReadAction","target":["https:\/\/hp-hasse.de\/?page_id=368"]}]},{"@type":"BreadcrumbList","@id":"https:\/\/hp-hasse.de\/?page_id=368#breadcrumb","itemListElement":[{"@type":"ListItem","position":1,"name":"Startseite","item":"https:\/\/hp-hasse.de\/"},{"@type":"ListItem","position":2,"name":"Stammtisch Ern\u00e4hrung"}]},{"@type":"WebSite","@id":"https:\/\/hp-hasse.de\/#website","url":"https:\/\/hp-hasse.de\/","name":"Naturheilpraxis Monika Hasse","description":"Heilpraktikerin und Physiotherapeutin","potentialAction":[{"@type":"SearchAction","target":{"@type":"EntryPoint","urlTemplate":"https:\/\/hp-hasse.de\/?s={search_term_string}"},"query-input":"required name=search_term_string"}],"inLanguage":"de"}]}},"jetpack_sharing_enabled":true,"jetpack_shortlink":"https:\/\/wp.me\/P9GX1P-5W","_links":{"self":[{"href":"https:\/\/hp-hasse.de\/index.php?rest_route=\/wp\/v2\/pages\/368"}],"collection":[{"href":"https:\/\/hp-hasse.de\/index.php?rest_route=\/wp\/v2\/pages"}],"about":[{"href":"https:\/\/hp-hasse.de\/index.php?rest_route=\/wp\/v2\/types\/page"}],"author":[{"embeddable":true,"href":"https:\/\/hp-hasse.de\/index.php?rest_route=\/wp\/v2\/users\/1"}],"replies":[{"embeddable":true,"href":"https:\/\/hp-hasse.de\/index.php?rest_route=%2Fwp%2Fv2%2Fcomments&post=368"}],"version-history":[{"count":6,"href":"https:\/\/hp-hasse.de\/index.php?rest_route=\/wp\/v2\/pages\/368\/revisions"}],"predecessor-version":[{"id":518,"href":"https:\/\/hp-hasse.de\/index.php?rest_route=\/wp\/v2\/pages\/368\/revisions\/518"}],"wp:attachment":[{"href":"https:\/\/hp-hasse.de\/index.php?rest_route=%2Fwp%2Fv2%2Fmedia&parent=368"}],"curies":[{"name":"wp","href":"https:\/\/api.w.org\/{rel}","templated":true}]}}