{"id":411,"date":"2023-02-05T16:28:41","date_gmt":"2023-02-05T16:28:41","guid":{"rendered":"https:\/\/hp-hasse.de\/?page_id=411"},"modified":"2023-02-05T16:31:11","modified_gmt":"2023-02-05T16:31:11","slug":"iridologie","status":"publish","type":"page","link":"https:\/\/hp-hasse.de\/?page_id=411","title":{"rendered":"Iridologie"},"content":{"rendered":"\n<p>Die Iridologie wurde fr\u00fcher als Augendiagnose bezeichnet. Sie ist die Basis, um die Ursache ihrer Beschwerden zu erkennen.<br>Bei der Iridologie betrachte ich die Iris (Regenbogenhaut) durch ein spezielles Irismikroskop, mit der selbst kleinste Farb- oder Strukturver\u00e4nderungen zu erkennen sind. Die Iris stellt eine Reflexzone des K\u00f6rpers dar, wonach man jedem inneren Organ ein Feld in der Iris zuordnen kann. So spiegelt die linke Iris die linke K\u00f6rperh\u00e4lfte wieder, w\u00e4hrend in der rechten Iris die rechte K\u00f6rperh\u00e4lfte zu sehen ist.<br>Erg\u00e4nzend zur\u00a0Iridologie wird immer eine zus\u00e4tzliche Anamnese und Patientenbefragung durchgef\u00fchrt wird.<\/p>\n","protected":false},"excerpt":{"rendered":"<p>Die Iridologie wurde fr\u00fcher als Augendiagnose bezeichnet. Sie ist die Basis, um die Ursache ihrer Beschwerden zu erkennen.Bei der Iridologie betrachte ich die Iris (Regenbogenhaut) durch ein spezielles Irismikroskop, mit der selbst kleinste Farb- oder Strukturver\u00e4nderungen zu erkennen sind. Die Iris stellt eine Reflexzone des K\u00f6rpers dar, wonach man jedem inneren Organ ein Feld in &hellip; <a href=\"https:\/\/hp-hasse.de\/?page_id=411\" class=\"more-link\"><span class=\"screen-reader-text\">\u201eIridologie\u201c <\/span>weiterlesen<\/a><\/p>\n","protected":false},"author":1,"featured_media":0,"parent":0,"menu_order":0,"comment_status":"closed","ping_status":"closed","template":"","meta":{"jetpack_post_was_ever_published":false},"yoast_head":"<!-- This site is optimized with the Yoast SEO plugin v20.2 - https:\/\/yoast.com\/wordpress\/plugins\/seo\/ -->\n<title>Iridologie | Naturheilpraxis Monika Hasse<\/title>\n<meta name=\"robots\" content=\"index, follow, max-snippet:-1, max-image-preview:large, max-video-preview:-1\" \/>\n<link rel=\"canonical\" href=\"https:\/\/hp-hasse.de\/?page_id=411\" \/>\n<meta name=\"twitter:label1\" content=\"Gesch\u00e4tzte Lesezeit\" \/>\n\t<meta name=\"twitter:data1\" content=\"1\u00a0Minute\" \/>\n<script type=\"application\/ld+json\" class=\"yoast-schema-graph\">{\"@context\":\"https:\/\/schema.org\",\"@graph\":[{\"@type\":\"WebPage\",\"@id\":\"https:\/\/hp-hasse.de\/?page_id=411\",\"url\":\"https:\/\/hp-hasse.de\/?page_id=411\",\"name\":\"Iridologie | Naturheilpraxis Monika Hasse\",\"isPartOf\":{\"@id\":\"https:\/\/hp-hasse.de\/#website\"},\"datePublished\":\"2023-02-05T16:28:41+00:00\",\"dateModified\":\"2023-02-05T16:31:11+00:00\",\"breadcrumb\":{\"@id\":\"https:\/\/hp-hasse.de\/?page_id=411#breadcrumb\"},\"inLanguage\":\"de\",\"potentialAction\":[{\"@type\":\"ReadAction\",\"target\":[\"https:\/\/hp-hasse.de\/?page_id=411\"]}]},{\"@type\":\"BreadcrumbList\",\"@id\":\"https:\/\/hp-hasse.de\/?page_id=411#breadcrumb\",\"itemListElement\":[{\"@type\":\"ListItem\",\"position\":1,\"name\":\"Startseite\",\"item\":\"https:\/\/hp-hasse.de\/\"},{\"@type\":\"ListItem\",\"position\":2,\"name\":\"Iridologie\"}]},{\"@type\":\"WebSite\",\"@id\":\"https:\/\/hp-hasse.de\/#website\",\"url\":\"https:\/\/hp-hasse.de\/\",\"name\":\"Naturheilpraxis Monika Hasse\",\"description\":\"Heilpraktikerin und Physiotherapeutin\",\"potentialAction\":[{\"@type\":\"SearchAction\",\"target\":{\"@type\":\"EntryPoint\",\"urlTemplate\":\"https:\/\/hp-hasse.de\/?s={search_term_string}\"},\"query-input\":\"required name=search_term_string\"}],\"inLanguage\":\"de\"}]}<\/script>\n<!-- \/ Yoast SEO plugin. -->","yoast_head_json":{"title":"Iridologie | Naturheilpraxis Monika Hasse","robots":{"index":"index","follow":"follow","max-snippet":"max-snippet:-1","max-image-preview":"max-image-preview:large","max-video-preview":"max-video-preview:-1"},"canonical":"https:\/\/hp-hasse.de\/?page_id=411","twitter_misc":{"Gesch\u00e4tzte Lesezeit":"1\u00a0Minute"},"schema":{"@context":"https:\/\/schema.org","@graph":[{"@type":"WebPage","@id":"https:\/\/hp-hasse.de\/?page_id=411","url":"https:\/\/hp-hasse.de\/?page_id=411","name":"Iridologie | Naturheilpraxis Monika Hasse","isPartOf":{"@id":"https:\/\/hp-hasse.de\/#website"},"datePublished":"2023-02-05T16:28:41+00:00","dateModified":"2023-02-05T16:31:11+00:00","breadcrumb":{"@id":"https:\/\/hp-hasse.de\/?page_id=411#breadcrumb"},"inLanguage":"de","potentialAction":[{"@type":"ReadAction","target":["https:\/\/hp-hasse.de\/?page_id=411"]}]},{"@type":"BreadcrumbList","@id":"https:\/\/hp-hasse.de\/?page_id=411#breadcrumb","itemListElement":[{"@type":"ListItem","position":1,"name":"Startseite","item":"https:\/\/hp-hasse.de\/"},{"@type":"ListItem","position":2,"name":"Iridologie"}]},{"@type":"WebSite","@id":"https:\/\/hp-hasse.de\/#website","url":"https:\/\/hp-hasse.de\/","name":"Naturheilpraxis Monika Hasse","description":"Heilpraktikerin und Physiotherapeutin","potentialAction":[{"@type":"SearchAction","target":{"@type":"EntryPoint","urlTemplate":"https:\/\/hp-hasse.de\/?s={search_term_string}"},"query-input":"required name=search_term_string"}],"inLanguage":"de"}]}},"jetpack_sharing_enabled":true,"jetpack_shortlink":"https:\/\/wp.me\/P9GX1P-6D","_links":{"self":[{"href":"https:\/\/hp-hasse.de\/index.php?rest_route=\/wp\/v2\/pages\/411"}],"collection":[{"href":"https:\/\/hp-hasse.de\/index.php?rest_route=\/wp\/v2\/pages"}],"about":[{"href":"https:\/\/hp-hasse.de\/index.php?rest_route=\/wp\/v2\/types\/page"}],"author":[{"embeddable":true,"href":"https:\/\/hp-hasse.de\/index.php?rest_route=\/wp\/v2\/users\/1"}],"replies":[{"embeddable":true,"href":"https:\/\/hp-hasse.de\/index.php?rest_route=%2Fwp%2Fv2%2Fcomments&post=411"}],"version-history":[{"count":2,"href":"https:\/\/hp-hasse.de\/index.php?rest_route=\/wp\/v2\/pages\/411\/revisions"}],"predecessor-version":[{"id":414,"href":"https:\/\/hp-hasse.de\/index.php?rest_route=\/wp\/v2\/pages\/411\/revisions\/414"}],"wp:attachment":[{"href":"https:\/\/hp-hasse.de\/index.php?rest_route=%2Fwp%2Fv2%2Fmedia&parent=411"}],"curies":[{"name":"wp","href":"https:\/\/api.w.org\/{rel}","templated":true}]}}