{"id":470,"date":"2023-04-08T17:49:10","date_gmt":"2023-04-08T17:49:10","guid":{"rendered":"https:\/\/hp-hasse.de\/?page_id=470"},"modified":"2023-08-19T07:59:18","modified_gmt":"2023-08-19T07:59:18","slug":"antlitzanalyse-nach-dr-schuessler","status":"publish","type":"page","link":"https:\/\/hp-hasse.de\/?page_id=470","title":{"rendered":"Antlitzanalyse nach Dr. Sch\u00fc\u00dfler"},"content":{"rendered":"\n<p><strong>Seminar<\/strong><\/p>\n\n\n\n<p>In diesem Seminar werden die 11 Sch\u00fc\u00dfler- Salze beschrieben und dann die antlitzanalytischen Zeichen im Gesicht erkl\u00e4rt, so dass die Teilnehmer selbst diese Zeichen in ihrem Gesicht erkennen k\u00f6nnen. <br>Bitte bringen Sie Schreibmaterial, einen Spiegel mit und kommen Sie ungeschminkt.<br>Im Seminarpreis sind Getr\u00e4nke und Kekse enthalten.<\/p>\n\n\n\n<p>Samstag, den 02. September von 14.oo Uhr bis ca. 18.00 Uhr.<br>Telefonische Anmeldung erforderlich bis zum 21.08.2023<br>Kosten: 30,00 \u20ac<\/p>\n","protected":false},"excerpt":{"rendered":"<p>Seminar In diesem Seminar werden die 11 Sch\u00fc\u00dfler- Salze beschrieben und dann die antlitzanalytischen Zeichen im Gesicht erkl\u00e4rt, so dass die Teilnehmer selbst diese Zeichen in ihrem Gesicht erkennen k\u00f6nnen. Bitte bringen Sie Schreibmaterial, einen Spiegel mit und kommen Sie ungeschminkt.Im Seminarpreis sind Getr\u00e4nke und Kekse enthalten. Samstag, den 02. September von 14.oo Uhr bis &hellip; <a href=\"https:\/\/hp-hasse.de\/?page_id=470\" class=\"more-link\"><span class=\"screen-reader-text\">\u201eAntlitzanalyse nach Dr. Sch\u00fc\u00dfler\u201c <\/span>weiterlesen<\/a><\/p>\n","protected":false},"author":1,"featured_media":0,"parent":0,"menu_order":0,"comment_status":"closed","ping_status":"closed","template":"","meta":{"jetpack_post_was_ever_published":false},"yoast_head":"<!-- This site is optimized with the Yoast SEO plugin v20.2 - https:\/\/yoast.com\/wordpress\/plugins\/seo\/ -->\n<title>Antlitzanalyse nach Dr. Sch\u00fc\u00dfler | Naturheilpraxis Monika Hasse<\/title>\n<meta name=\"robots\" content=\"index, follow, max-snippet:-1, max-image-preview:large, max-video-preview:-1\" \/>\n<link rel=\"canonical\" href=\"https:\/\/hp-hasse.de\/?page_id=470\" \/>\n<meta name=\"twitter:label1\" content=\"Gesch\u00e4tzte Lesezeit\" \/>\n\t<meta name=\"twitter:data1\" content=\"1\u00a0Minute\" \/>\n<script type=\"application\/ld+json\" class=\"yoast-schema-graph\">{\"@context\":\"https:\/\/schema.org\",\"@graph\":[{\"@type\":\"WebPage\",\"@id\":\"https:\/\/hp-hasse.de\/?page_id=470\",\"url\":\"https:\/\/hp-hasse.de\/?page_id=470\",\"name\":\"Antlitzanalyse nach Dr. Sch\u00fc\u00dfler | Naturheilpraxis Monika Hasse\",\"isPartOf\":{\"@id\":\"https:\/\/hp-hasse.de\/#website\"},\"datePublished\":\"2023-04-08T17:49:10+00:00\",\"dateModified\":\"2023-08-19T07:59:18+00:00\",\"breadcrumb\":{\"@id\":\"https:\/\/hp-hasse.de\/?page_id=470#breadcrumb\"},\"inLanguage\":\"de\",\"potentialAction\":[{\"@type\":\"ReadAction\",\"target\":[\"https:\/\/hp-hasse.de\/?page_id=470\"]}]},{\"@type\":\"BreadcrumbList\",\"@id\":\"https:\/\/hp-hasse.de\/?page_id=470#breadcrumb\",\"itemListElement\":[{\"@type\":\"ListItem\",\"position\":1,\"name\":\"Startseite\",\"item\":\"https:\/\/hp-hasse.de\/\"},{\"@type\":\"ListItem\",\"position\":2,\"name\":\"Antlitzanalyse nach Dr. Sch\u00fc\u00dfler\"}]},{\"@type\":\"WebSite\",\"@id\":\"https:\/\/hp-hasse.de\/#website\",\"url\":\"https:\/\/hp-hasse.de\/\",\"name\":\"Naturheilpraxis Monika Hasse\",\"description\":\"Heilpraktikerin und Physiotherapeutin\",\"potentialAction\":[{\"@type\":\"SearchAction\",\"target\":{\"@type\":\"EntryPoint\",\"urlTemplate\":\"https:\/\/hp-hasse.de\/?s={search_term_string}\"},\"query-input\":\"required name=search_term_string\"}],\"inLanguage\":\"de\"}]}<\/script>\n<!-- \/ Yoast SEO plugin. -->","yoast_head_json":{"title":"Antlitzanalyse nach Dr. Sch\u00fc\u00dfler | Naturheilpraxis Monika Hasse","robots":{"index":"index","follow":"follow","max-snippet":"max-snippet:-1","max-image-preview":"max-image-preview:large","max-video-preview":"max-video-preview:-1"},"canonical":"https:\/\/hp-hasse.de\/?page_id=470","twitter_misc":{"Gesch\u00e4tzte Lesezeit":"1\u00a0Minute"},"schema":{"@context":"https:\/\/schema.org","@graph":[{"@type":"WebPage","@id":"https:\/\/hp-hasse.de\/?page_id=470","url":"https:\/\/hp-hasse.de\/?page_id=470","name":"Antlitzanalyse nach Dr. Sch\u00fc\u00dfler | Naturheilpraxis Monika Hasse","isPartOf":{"@id":"https:\/\/hp-hasse.de\/#website"},"datePublished":"2023-04-08T17:49:10+00:00","dateModified":"2023-08-19T07:59:18+00:00","breadcrumb":{"@id":"https:\/\/hp-hasse.de\/?page_id=470#breadcrumb"},"inLanguage":"de","potentialAction":[{"@type":"ReadAction","target":["https:\/\/hp-hasse.de\/?page_id=470"]}]},{"@type":"BreadcrumbList","@id":"https:\/\/hp-hasse.de\/?page_id=470#breadcrumb","itemListElement":[{"@type":"ListItem","position":1,"name":"Startseite","item":"https:\/\/hp-hasse.de\/"},{"@type":"ListItem","position":2,"name":"Antlitzanalyse nach Dr. Sch\u00fc\u00dfler"}]},{"@type":"WebSite","@id":"https:\/\/hp-hasse.de\/#website","url":"https:\/\/hp-hasse.de\/","name":"Naturheilpraxis Monika Hasse","description":"Heilpraktikerin und Physiotherapeutin","potentialAction":[{"@type":"SearchAction","target":{"@type":"EntryPoint","urlTemplate":"https:\/\/hp-hasse.de\/?s={search_term_string}"},"query-input":"required name=search_term_string"}],"inLanguage":"de"}]}},"jetpack_sharing_enabled":true,"jetpack_shortlink":"https:\/\/wp.me\/P9GX1P-7A","_links":{"self":[{"href":"https:\/\/hp-hasse.de\/index.php?rest_route=\/wp\/v2\/pages\/470"}],"collection":[{"href":"https:\/\/hp-hasse.de\/index.php?rest_route=\/wp\/v2\/pages"}],"about":[{"href":"https:\/\/hp-hasse.de\/index.php?rest_route=\/wp\/v2\/types\/page"}],"author":[{"embeddable":true,"href":"https:\/\/hp-hasse.de\/index.php?rest_route=\/wp\/v2\/users\/1"}],"replies":[{"embeddable":true,"href":"https:\/\/hp-hasse.de\/index.php?rest_route=%2Fwp%2Fv2%2Fcomments&post=470"}],"version-history":[{"count":6,"href":"https:\/\/hp-hasse.de\/index.php?rest_route=\/wp\/v2\/pages\/470\/revisions"}],"predecessor-version":[{"id":500,"href":"https:\/\/hp-hasse.de\/index.php?rest_route=\/wp\/v2\/pages\/470\/revisions\/500"}],"wp:attachment":[{"href":"https:\/\/hp-hasse.de\/index.php?rest_route=%2Fwp%2Fv2%2Fmedia&parent=470"}],"curies":[{"name":"wp","href":"https:\/\/api.w.org\/{rel}","templated":true}]}}